{"id":12096,"date":"2021-11-25T15:08:48","date_gmt":"2021-11-25T13:08:48","guid":{"rendered":"https:\/\/lonnstromintaidemuseo.fi\/tietosuojaseloste"},"modified":"2024-12-10T13:58:44","modified_gmt":"2024-12-10T11:58:44","slug":"dataskyddsbeskrivning","status":"publish","type":"page","link":"https:\/\/lonnstromintaidemuseo.fi\/sv\/dataskyddsbeskrivning","title":{"rendered":"Dataskyddsbeskrivning"},"content":{"rendered":"[vc_row type=&#8221;in_container&#8221; full_screen_row_position=&#8221;middle&#8221; column_margin=&#8221;default&#8221; column_direction=&#8221;default&#8221; column_direction_tablet=&#8221;default&#8221; column_direction_phone=&#8221;default&#8221; scene_position=&#8221;center&#8221; top_padding=&#8221;5%&#8221; bottom_padding=&#8221;5%&#8221; left_padding_desktop=&#8221;8%&#8221; constrain_group_2=&#8221;yes&#8221; right_padding_desktop=&#8221;8%&#8221; left_padding_tablet=&#8221;0&#8243; constrain_group_4=&#8221;yes&#8221; right_padding_tablet=&#8221;0&#8243; left_padding_phone=&#8221;0&#8243; constrain_group_6=&#8221;yes&#8221; right_padding_phone=&#8221;0&#8243; text_color=&#8221;dark&#8221; text_align=&#8221;left&#8221; row_border_radius=&#8221;none&#8221; row_border_radius_applies=&#8221;bg&#8221; overflow=&#8221;visible&#8221; advanced_gradient_angle=&#8221;0&#8243; overlay_strength=&#8221;0.3&#8243; gradient_direction=&#8221;left_to_right&#8221; shape_divider_position=&#8221;bottom&#8221; bg_image_animation=&#8221;none&#8221; gradient_type=&#8221;default&#8221; shape_type=&#8221;&#8221;][vc_column column_padding=&#8221;no-extra-padding&#8221; column_padding_tablet=&#8221;inherit&#8221; column_padding_phone=&#8221;inherit&#8221; column_padding_position=&#8221;all&#8221; column_element_direction_desktop=&#8221;default&#8221; column_element_spacing=&#8221;default&#8221; desktop_text_alignment=&#8221;default&#8221; tablet_text_alignment=&#8221;default&#8221; phone_text_alignment=&#8221;default&#8221; background_color_opacity=&#8221;1&#8243; background_hover_color_opacity=&#8221;1&#8243; column_backdrop_filter=&#8221;none&#8221; column_shadow=&#8221;none&#8221; column_border_radius=&#8221;none&#8221; column_link_target=&#8221;_self&#8221; column_position=&#8221;default&#8221; gradient_direction=&#8221;left_to_right&#8221; overlay_strength=&#8221;0.3&#8243; width=&#8221;1\/1&#8243; tablet_width_inherit=&#8221;default&#8221; animation_type=&#8221;default&#8221; bg_image_animation=&#8221;none&#8221; border_type=&#8221;simple&#8221; column_border_width=&#8221;none&#8221; column_border_style=&#8221;solid&#8221;][vc_row_inner column_margin=&#8221;default&#8221; column_direction=&#8221;default&#8221; column_direction_tablet=&#8221;default&#8221; column_direction_phone=&#8221;default&#8221; bottom_padding=&#8221;3%&#8221; text_align=&#8221;left&#8221; row_position=&#8221;default&#8221; row_position_tablet=&#8221;inherit&#8221; row_position_phone=&#8221;inherit&#8221; overflow=&#8221;visible&#8221; pointer_events=&#8221;all&#8221;][vc_column_inner column_padding=&#8221;no-extra-padding&#8221; column_padding_tablet=&#8221;inherit&#8221; column_padding_phone=&#8221;inherit&#8221; column_padding_position=&#8221;all&#8221; column_element_direction_desktop=&#8221;default&#8221; column_element_spacing=&#8221;default&#8221; desktop_text_alignment=&#8221;default&#8221; tablet_text_alignment=&#8221;default&#8221; phone_text_alignment=&#8221;default&#8221; background_color_opacity=&#8221;1&#8243; background_hover_color_opacity=&#8221;1&#8243; column_backdrop_filter=&#8221;none&#8221; column_shadow=&#8221;none&#8221; column_border_radius=&#8221;none&#8221; column_link_target=&#8221;_self&#8221; overflow=&#8221;visible&#8221; gradient_direction=&#8221;left_to_right&#8221; overlay_strength=&#8221;0.3&#8243; width=&#8221;1\/1&#8243; tablet_width_inherit=&#8221;default&#8221; animation_type=&#8221;default&#8221; bg_image_animation=&#8221;none&#8221; border_type=&#8221;simple&#8221; column_border_width=&#8221;none&#8221; column_border_style=&#8221;solid&#8221;][vc_custom_heading text=&#8221;Dataskyddsbeskrivning&#8221; font_container=&#8221;tag:h1|text_align:left&#8221; use_theme_fonts=&#8221;yes&#8221; css=&#8221;&#8221;][\/vc_column_inner][\/vc_row_inner][vc_column_text css=&#8221;&#8221; text_direction=&#8221;default&#8221;]\n<h3>1. Personuppgiftsansvarig<\/h3>\n<p>L\u00f6nnstr\u00f6ms konstmuseum sr<br \/>\nSyv\u00e4raumankatu 41<br \/>\n26100 Raumo<br \/>\nFO-nummer: 0698495-2<\/p>\n<h3>2. Registrets kontaktuppgifter<\/h3>\n<p>info@lonnstromintaidemuseo.fi<br \/>\ntfn 045 2610 504<\/p>\n<p>Registrets ansvarsperson<br \/>\nSilja Lehtonen, museichef<\/p>\n<h3>3. Syftet med hanteringen av personuppgifter<\/h3>\n<p>L\u00f6nnstr\u00f6ms museums nyhetsbrev, reserveringsregister, inbjudningslista, kommunikation med samarbetspartner och referensgrupper.<\/p>\n<h3>4. Beskrivning av registrets inneh\u00e5ll<\/h3>\n<p><strong>Nyhetsbrev:<\/strong> L\u00f6nnstr\u00f6ms konstmuseums nyhetsbrevsprenumeranter<br \/>\nInsamlade uppgifter: namn, e-postadress.<\/p>\n<p><strong>Reserveringsregister:<\/strong> Kunder som reserverat guidning eller bes\u00f6k.<br \/>\nInsamlade uppgifter: namn, e-postadress, telefonnummer, faktureringsuppgifter, typ av best\u00e4lld tj\u00e4nst, tidpunkt f\u00f6r bes\u00f6ket.<\/p>\n<p><strong>Inbjudningslista:<\/strong> Personer som inbjuds till \u00f6ppningar av museets utst\u00e4llningar eller andra evenemang.<br \/>\nInsamlade uppgifter: namn, adress, e-postadress, organisation, st\u00e4llning i organisationen, relation till museet<\/p>\n<p><strong>Projekts\u00f6kning (L\u00f6nnstr\u00f6mprojekt): <\/strong>konstn\u00e4rer som deltar i den \u00f6ppna utlysningen<br \/>\nInsamlade uppgifter: namn, adress, e-postadress, telefonnummer, inneh\u00e5ll i ans\u00f6kan.<\/p>\n<p><strong>Kommunikation med referensgrupper:<\/strong> Samarbetspartners, akt\u00f6rer p\u00e5 kulturf\u00e4ltet, representanter f\u00f6r medierna.<br \/>\nInsamlade uppgifter: namn, adress, e-postadress, organisation, st\u00e4llning i organisationen, adress, telefonnummer, relation till museet<\/p>\n<p>Uppgifterna i registret har samlats in med de ber\u00f6rdas samtycke och fr\u00e5n tillf\u00f6rlitliga offentliga informationsk\u00e4llor.<\/p>\n<h3>5. Systemet f\u00f6r underh\u00e5ll av registeruppgifterna<\/h3>\n<p>Adressdatasystemet Gruppo (nyhetsbrev, inbjudningslista, kontaktgruppskommunikation, projekts\u00f6kning), L\u00f6nnstr\u00f6ms konstmuseums reserveringskalender (reserveringsregister)<\/p>\n<h3>6. Grupper \u00e5t vilka personuppgifter har getts eller ges<\/h3>\n<p>Uppgifterna i registret ges inte ut.<\/p>\n<p>Inneh\u00e5llet i Projekts\u00f6kning-registret kommer att l\u00e4mnas ut till inbjudna externa bed\u00f6mare av ans\u00f6kningar ut\u00f6ver den begr\u00e4nsade personalstyrkan p\u00e5 L\u00f6nnstr\u00f6ms konstmuseum.<\/p>\n<h3>7. F\u00f6rvaringstid f\u00f6r registeruppgifterna<\/h3>\n<p><strong>Nyhetsbrev:<\/strong> Personuppgifter i registret f\u00f6rvaras s\u00e5 l\u00e4nge personen sj\u00e4lv vill stanna kvar i registret f\u00f6r nyhetsbrev. Den som prenumererar p\u00e5 nyhetsbrevet kan n\u00e4r som helst s\u00e4ga upp sin prenumeration via l\u00e4nken i nyhetsbrevet eller genom att kontakta registrets kontaktperson.<\/p>\n<p><strong>Reserveringsregister:<\/strong> Uppgifterna f\u00f6rvaras i reserveringskalendern tills den reserverade tj\u00e4nsten har genomf\u00f6rts och fakturerats. Uppgifterna f\u00f6rst\u00f6rs senast tv\u00e5 \u00e5r efter att kundrelationen avslutats.<\/p>\n<p><strong>Inbjudningslista:<\/strong> Den registrerade kan uttr\u00e4da ur registret genom att s\u00e4nda en beg\u00e4ran om detta till registrets kontaktperson.<\/p>\n<p><strong>Kommunikation med samarbetspartners:<\/strong> Den registrerade kan uttr\u00e4da ur registret genom att s\u00e4nda en beg\u00e4ran om detta till registrets kontaktperson.<\/p>\n<p><strong>Projekts\u00f6kning: <\/strong>Registret kommer att raderas efter att konstn\u00e4ren har valts. L\u00f6nnstr\u00f6ms konstmuseum arkiverar de inkomna ans\u00f6kningarna. Du kan l\u00e4mna in en beg\u00e4ran om borttagning av din egen ans\u00f6kan till registrets kontaktperson.<\/p>\n<h3>8. Registrets dataskydd<\/h3>\n<p>Registeruppgifterna \u00e4r lagrade i adressystemet Gruppo som L\u00f6nnstr\u00f6ms konstmuseum sr anv\u00e4nder. Endast s\u00e4rskilt utn\u00e4mnda personer har r\u00e4tt att anv\u00e4nda systemet. Utomst\u00e5ende har inte tillg\u00e5ng till registeruppgifterna.<\/p>\n<p>Uppgifterna i registret behandlas absolut konfidentiellt och registret \u00e4r korrekt skyddat mot intr\u00e5ng med individuella anv\u00e4ndarsignum och l\u00f6senord.<\/p>\n<p>Registrets datan\u00e4t och apparatur \u00e4r skyddade med brandmur och andra tekniska metoder. Apparaterna \u00e4r bel\u00e4gna i ett l\u00e5st och \u00f6vervakat rum.<\/p>\n<p>Det manuella registret (reserveringskalendern) f\u00f6rvaras i ett l\u00e5st rum som endast de museianst\u00e4llda som \u00e4r ber\u00e4ttigade att hantera det har tilltr\u00e4de till.<\/p>\n<h3>9. R\u00e4tt att granska uppgifter<\/h3>\n<p>Varje person i registret har r\u00e4tt att granska sina egna uppgifter och kr\u00e4va att en eventuell inkorrekt uppgift korrigeras eller att en bristf\u00e4llig uppgift kompletteras. En skriftlig beg\u00e4ran om n\u00e5gondera av dessa \u00e5tg\u00e4rder ska skickas till registrets personuppgiftsansvariga. Vid behov kan den som framf\u00f6r beg\u00e4ran ombes att bekr\u00e4fta sin identitet.[\/vc_column_text][\/vc_column][\/vc_row]\n","protected":false},"excerpt":{"rendered":"<p>[vc_row type=&#8221;in_container&#8221; full_screen_row_position=&#8221;middle&#8221; column_margin=&#8221;default&#8221; column_direction=&#8221;default&#8221; column_direction_tablet=&#8221;default&#8221; column_direction_phone=&#8221;default&#8221; scene_position=&#8221;center&#8221; top_padding=&#8221;5%&#8221; bottom_padding=&#8221;5%&#8221; left_padding_desktop=&#8221;8%&#8221; constrain_group_2=&#8221;yes&#8221; right_padding_desktop=&#8221;8%&#8221; left_padding_tablet=&#8221;0&#8243; constrain_group_4=&#8221;yes&#8221; right_padding_tablet=&#8221;0&#8243; left_padding_phone=&#8221;0&#8243; constrain_group_6=&#8221;yes&#8221; right_padding_phone=&#8221;0&#8243; text_color=&#8221;dark&#8221; text_align=&#8221;left&#8221; row_border_radius=&#8221;none&#8221; row_border_radius_applies=&#8221;bg&#8221; overflow=&#8221;visible&#8221; advanced_gradient_angle=&#8221;0&#8243; overlay_strength=&#8221;0.3&#8243; gradient_direction=&#8221;left_to_right&#8221; shape_divider_position=&#8221;bottom&#8221; bg_image_animation=&#8221;none&#8221; gradient_type=&#8221;default&#8221;&#8230;<\/p>\n","protected":false},"author":1,"featured_media":0,"parent":0,"menu_order":0,"comment_status":"closed","ping_status":"closed","template":"","meta":{"footnotes":""},"class_list":["post-12096","page","type-page","status-publish"],"yoast_head":"<!-- This site is optimized with the Yoast SEO plugin v27.3 - https:\/\/yoast.com\/product\/yoast-seo-wordpress\/ -->\n<title>Dataskyddsbeskrivning | L&ouml;nnstr&ouml;min taidemuseo<\/title>\n<meta name=\"robots\" content=\"index, follow, max-snippet:-1, max-image-preview:large, max-video-preview:-1\" \/>\n<link rel=\"canonical\" href=\"https:\/\/lonnstromintaidemuseo.fi\/sv\/dataskyddsbeskrivning\" \/>\n<meta property=\"og:locale\" content=\"sv_SE\" \/>\n<meta property=\"og:type\" content=\"article\" \/>\n<meta property=\"og:title\" content=\"Dataskyddsbeskrivning | L&ouml;nnstr&ouml;min taidemuseo\" \/>\n<meta property=\"og:description\" content=\"[vc_row type=&#8221;in_container&#8221; full_screen_row_position=&#8221;middle&#8221; column_margin=&#8221;default&#8221; column_direction=&#8221;default&#8221; column_direction_tablet=&#8221;default&#8221; column_direction_phone=&#8221;default&#8221; scene_position=&#8221;center&#8221; top_padding=&#8221;5%&#8221; bottom_padding=&#8221;5%&#8221; left_padding_desktop=&#8221;8%&#8221; constrain_group_2=&#8221;yes&#8221; right_padding_desktop=&#8221;8%&#8221; left_padding_tablet=&#8221;0&#8243; constrain_group_4=&#8221;yes&#8221; right_padding_tablet=&#8221;0&#8243; left_padding_phone=&#8221;0&#8243; constrain_group_6=&#8221;yes&#8221; right_padding_phone=&#8221;0&#8243; text_color=&#8221;dark&#8221; text_align=&#8221;left&#8221; row_border_radius=&#8221;none&#8221; row_border_radius_applies=&#8221;bg&#8221; overflow=&#8221;visible&#8221; advanced_gradient_angle=&#8221;0&#8243; overlay_strength=&#8221;0.3&#8243; gradient_direction=&#8221;left_to_right&#8221; shape_divider_position=&#8221;bottom&#8221; bg_image_animation=&#8221;none&#8221; gradient_type=&#8221;default&#8221;...\" \/>\n<meta property=\"og:url\" content=\"https:\/\/lonnstromintaidemuseo.fi\/sv\/dataskyddsbeskrivning\" \/>\n<meta property=\"og:site_name\" content=\"L&ouml;nnstr&ouml;min taidemuseo\" \/>\n<meta property=\"article:publisher\" content=\"https:\/\/www.facebook.com\/lonnstromintaidemuseo\" \/>\n<meta property=\"article:modified_time\" content=\"2024-12-10T11:58:44+00:00\" \/>\n<meta property=\"og:image\" content=\"https:\/\/lonnstromintaidemuseo.fi\/wp-content\/uploads\/2021\/12\/lonnstrom-somekuva_1200x630px.jpg\" \/>\n\t<meta property=\"og:image:width\" content=\"1200\" \/>\n\t<meta property=\"og:image:height\" content=\"630\" \/>\n\t<meta property=\"og:image:type\" content=\"image\/jpeg\" \/>\n<meta name=\"twitter:card\" content=\"summary_large_image\" \/>\n<meta name=\"twitter:site\" content=\"@LonnstromMuseum\" \/>\n<meta name=\"twitter:label1\" content=\"Ber\u00e4knad l\u00e4stid\" \/>\n\t<meta name=\"twitter:data1\" content=\"5 minuter\" \/>\n<script type=\"application\/ld+json\" class=\"yoast-schema-graph\">{\"@context\":\"https:\\\/\\\/schema.org\",\"@graph\":[{\"@type\":\"WebPage\",\"@id\":\"https:\\\/\\\/lonnstromintaidemuseo.fi\\\/sv\\\/dataskyddsbeskrivning\",\"url\":\"https:\\\/\\\/lonnstromintaidemuseo.fi\\\/sv\\\/dataskyddsbeskrivning\",\"name\":\"Dataskyddsbeskrivning | L&ouml;nnstr&ouml;min taidemuseo\",\"isPartOf\":{\"@id\":\"https:\\\/\\\/lonnstromintaidemuseo.fi\\\/sv\\\/#website\"},\"datePublished\":\"2021-11-25T13:08:48+00:00\",\"dateModified\":\"2024-12-10T11:58:44+00:00\",\"breadcrumb\":{\"@id\":\"https:\\\/\\\/lonnstromintaidemuseo.fi\\\/sv\\\/dataskyddsbeskrivning#breadcrumb\"},\"inLanguage\":\"sv-SE\",\"potentialAction\":[{\"@type\":\"ReadAction\",\"target\":[\"https:\\\/\\\/lonnstromintaidemuseo.fi\\\/sv\\\/dataskyddsbeskrivning\"]}]},{\"@type\":\"BreadcrumbList\",\"@id\":\"https:\\\/\\\/lonnstromintaidemuseo.fi\\\/sv\\\/dataskyddsbeskrivning#breadcrumb\",\"itemListElement\":[{\"@type\":\"ListItem\",\"position\":1,\"name\":\"Etusivu\",\"item\":\"https:\\\/\\\/lonnstromintaidemuseo.fi\\\/sv\"},{\"@type\":\"ListItem\",\"position\":2,\"name\":\"Dataskyddsbeskrivning\"}]},{\"@type\":\"WebSite\",\"@id\":\"https:\\\/\\\/lonnstromintaidemuseo.fi\\\/sv\\\/#website\",\"url\":\"https:\\\/\\\/lonnstromintaidemuseo.fi\\\/sv\\\/\",\"name\":\"L&ouml;nnstr&ouml;min taidemuseo\",\"description\":\"L&ouml;nnstr&ouml;min taidemuseo, Teresia ja Rafael L&ouml;nnstr&ouml;min kotimuseo, L&ouml;nnstr&ouml;min taidemuseo sr\",\"publisher\":{\"@id\":\"https:\\\/\\\/lonnstromintaidemuseo.fi\\\/sv\\\/#organization\"},\"potentialAction\":[{\"@type\":\"SearchAction\",\"target\":{\"@type\":\"EntryPoint\",\"urlTemplate\":\"https:\\\/\\\/lonnstromintaidemuseo.fi\\\/sv\\\/?s={search_term_string}\"},\"query-input\":{\"@type\":\"PropertyValueSpecification\",\"valueRequired\":true,\"valueName\":\"search_term_string\"}}],\"inLanguage\":\"sv-SE\"},{\"@type\":\"Organization\",\"@id\":\"https:\\\/\\\/lonnstromintaidemuseo.fi\\\/sv\\\/#organization\",\"name\":\"L\u00f6nnstr\u00f6min taidemuseo\",\"url\":\"https:\\\/\\\/lonnstromintaidemuseo.fi\\\/sv\\\/\",\"logo\":{\"@type\":\"ImageObject\",\"inLanguage\":\"sv-SE\",\"@id\":\"https:\\\/\\\/lonnstromintaidemuseo.fi\\\/sv\\\/#\\\/schema\\\/logo\\\/image\\\/\",\"url\":\"https:\\\/\\\/lonnstromintaidemuseo.fi\\\/wp-content\\\/uploads\\\/2021\\\/09\\\/lo\u0308nnstro\u0308min_taidemuseo_logo_1000.png\",\"contentUrl\":\"https:\\\/\\\/lonnstromintaidemuseo.fi\\\/wp-content\\\/uploads\\\/2021\\\/09\\\/lo\u0308nnstro\u0308min_taidemuseo_logo_1000.png\",\"width\":1000,\"height\":244,\"caption\":\"L\u00f6nnstr\u00f6min taidemuseo\"},\"image\":{\"@id\":\"https:\\\/\\\/lonnstromintaidemuseo.fi\\\/sv\\\/#\\\/schema\\\/logo\\\/image\\\/\"},\"sameAs\":[\"https:\\\/\\\/www.facebook.com\\\/lonnstromintaidemuseo\",\"https:\\\/\\\/x.com\\\/LonnstromMuseum\",\"https:\\\/\\\/www.instagram.com\\\/lonnstrom_museums\\\/\",\"https:\\\/\\\/www.youtube.com\\\/channel\\\/UCgvq_7384UyfkUqMV8B0UWQ\\\/featured\"]}]}<\/script>\n<!-- \/ Yoast SEO plugin. -->","yoast_head_json":{"title":"Dataskyddsbeskrivning | L&ouml;nnstr&ouml;min taidemuseo","robots":{"index":"index","follow":"follow","max-snippet":"max-snippet:-1","max-image-preview":"max-image-preview:large","max-video-preview":"max-video-preview:-1"},"canonical":"https:\/\/lonnstromintaidemuseo.fi\/sv\/dataskyddsbeskrivning","og_locale":"sv_SE","og_type":"article","og_title":"Dataskyddsbeskrivning | L&ouml;nnstr&ouml;min taidemuseo","og_description":"[vc_row type=&#8221;in_container&#8221; full_screen_row_position=&#8221;middle&#8221; column_margin=&#8221;default&#8221; column_direction=&#8221;default&#8221; column_direction_tablet=&#8221;default&#8221; column_direction_phone=&#8221;default&#8221; scene_position=&#8221;center&#8221; top_padding=&#8221;5%&#8221; bottom_padding=&#8221;5%&#8221; left_padding_desktop=&#8221;8%&#8221; constrain_group_2=&#8221;yes&#8221; right_padding_desktop=&#8221;8%&#8221; left_padding_tablet=&#8221;0&#8243; constrain_group_4=&#8221;yes&#8221; right_padding_tablet=&#8221;0&#8243; left_padding_phone=&#8221;0&#8243; constrain_group_6=&#8221;yes&#8221; right_padding_phone=&#8221;0&#8243; text_color=&#8221;dark&#8221; text_align=&#8221;left&#8221; row_border_radius=&#8221;none&#8221; row_border_radius_applies=&#8221;bg&#8221; overflow=&#8221;visible&#8221; advanced_gradient_angle=&#8221;0&#8243; overlay_strength=&#8221;0.3&#8243; gradient_direction=&#8221;left_to_right&#8221; shape_divider_position=&#8221;bottom&#8221; bg_image_animation=&#8221;none&#8221; gradient_type=&#8221;default&#8221;...","og_url":"https:\/\/lonnstromintaidemuseo.fi\/sv\/dataskyddsbeskrivning","og_site_name":"L&ouml;nnstr&ouml;min taidemuseo","article_publisher":"https:\/\/www.facebook.com\/lonnstromintaidemuseo","article_modified_time":"2024-12-10T11:58:44+00:00","og_image":[{"width":1200,"height":630,"url":"https:\/\/lonnstromintaidemuseo.fi\/wp-content\/uploads\/2021\/12\/lonnstrom-somekuva_1200x630px.jpg","type":"image\/jpeg"}],"twitter_card":"summary_large_image","twitter_site":"@LonnstromMuseum","twitter_misc":{"Ber\u00e4knad l\u00e4stid":"5 minuter"},"schema":{"@context":"https:\/\/schema.org","@graph":[{"@type":"WebPage","@id":"https:\/\/lonnstromintaidemuseo.fi\/sv\/dataskyddsbeskrivning","url":"https:\/\/lonnstromintaidemuseo.fi\/sv\/dataskyddsbeskrivning","name":"Dataskyddsbeskrivning | L&ouml;nnstr&ouml;min taidemuseo","isPartOf":{"@id":"https:\/\/lonnstromintaidemuseo.fi\/sv\/#website"},"datePublished":"2021-11-25T13:08:48+00:00","dateModified":"2024-12-10T11:58:44+00:00","breadcrumb":{"@id":"https:\/\/lonnstromintaidemuseo.fi\/sv\/dataskyddsbeskrivning#breadcrumb"},"inLanguage":"sv-SE","potentialAction":[{"@type":"ReadAction","target":["https:\/\/lonnstromintaidemuseo.fi\/sv\/dataskyddsbeskrivning"]}]},{"@type":"BreadcrumbList","@id":"https:\/\/lonnstromintaidemuseo.fi\/sv\/dataskyddsbeskrivning#breadcrumb","itemListElement":[{"@type":"ListItem","position":1,"name":"Etusivu","item":"https:\/\/lonnstromintaidemuseo.fi\/sv"},{"@type":"ListItem","position":2,"name":"Dataskyddsbeskrivning"}]},{"@type":"WebSite","@id":"https:\/\/lonnstromintaidemuseo.fi\/sv\/#website","url":"https:\/\/lonnstromintaidemuseo.fi\/sv\/","name":"L&ouml;nnstr&ouml;min taidemuseo","description":"L&ouml;nnstr&ouml;min taidemuseo, Teresia ja Rafael L&ouml;nnstr&ouml;min kotimuseo, L&ouml;nnstr&ouml;min taidemuseo sr","publisher":{"@id":"https:\/\/lonnstromintaidemuseo.fi\/sv\/#organization"},"potentialAction":[{"@type":"SearchAction","target":{"@type":"EntryPoint","urlTemplate":"https:\/\/lonnstromintaidemuseo.fi\/sv\/?s={search_term_string}"},"query-input":{"@type":"PropertyValueSpecification","valueRequired":true,"valueName":"search_term_string"}}],"inLanguage":"sv-SE"},{"@type":"Organization","@id":"https:\/\/lonnstromintaidemuseo.fi\/sv\/#organization","name":"L\u00f6nnstr\u00f6min taidemuseo","url":"https:\/\/lonnstromintaidemuseo.fi\/sv\/","logo":{"@type":"ImageObject","inLanguage":"sv-SE","@id":"https:\/\/lonnstromintaidemuseo.fi\/sv\/#\/schema\/logo\/image\/","url":"https:\/\/lonnstromintaidemuseo.fi\/wp-content\/uploads\/2021\/09\/lo\u0308nnstro\u0308min_taidemuseo_logo_1000.png","contentUrl":"https:\/\/lonnstromintaidemuseo.fi\/wp-content\/uploads\/2021\/09\/lo\u0308nnstro\u0308min_taidemuseo_logo_1000.png","width":1000,"height":244,"caption":"L\u00f6nnstr\u00f6min taidemuseo"},"image":{"@id":"https:\/\/lonnstromintaidemuseo.fi\/sv\/#\/schema\/logo\/image\/"},"sameAs":["https:\/\/www.facebook.com\/lonnstromintaidemuseo","https:\/\/x.com\/LonnstromMuseum","https:\/\/www.instagram.com\/lonnstrom_museums\/","https:\/\/www.youtube.com\/channel\/UCgvq_7384UyfkUqMV8B0UWQ\/featured"]}]}},"_links":{"self":[{"href":"https:\/\/lonnstromintaidemuseo.fi\/sv\/wp-json\/wp\/v2\/pages\/12096","targetHints":{"allow":["GET"]}}],"collection":[{"href":"https:\/\/lonnstromintaidemuseo.fi\/sv\/wp-json\/wp\/v2\/pages"}],"about":[{"href":"https:\/\/lonnstromintaidemuseo.fi\/sv\/wp-json\/wp\/v2\/types\/page"}],"author":[{"embeddable":true,"href":"https:\/\/lonnstromintaidemuseo.fi\/sv\/wp-json\/wp\/v2\/users\/1"}],"replies":[{"embeddable":true,"href":"https:\/\/lonnstromintaidemuseo.fi\/sv\/wp-json\/wp\/v2\/comments?post=12096"}],"version-history":[{"count":3,"href":"https:\/\/lonnstromintaidemuseo.fi\/sv\/wp-json\/wp\/v2\/pages\/12096\/revisions"}],"predecessor-version":[{"id":12586,"href":"https:\/\/lonnstromintaidemuseo.fi\/sv\/wp-json\/wp\/v2\/pages\/12096\/revisions\/12586"}],"wp:attachment":[{"href":"https:\/\/lonnstromintaidemuseo.fi\/sv\/wp-json\/wp\/v2\/media?parent=12096"}],"curies":[{"name":"wp","href":"https:\/\/api.w.org\/{rel}","templated":true}]}}