{"id":8184,"date":"2021-11-15T15:02:53","date_gmt":"2021-11-15T13:02:53","guid":{"rendered":"https:\/\/lonnstromintaidemuseo.fi\/palautelomake"},"modified":"2021-12-13T14:26:56","modified_gmt":"2021-12-13T12:26:56","slug":"feedback","status":"publish","type":"page","link":"https:\/\/lonnstromintaidemuseo.fi\/en\/feedback","title":{"rendered":"Feedback"},"content":{"rendered":"[vc_row type=&#8221;in_container&#8221; full_screen_row_position=&#8221;middle&#8221; column_margin=&#8221;default&#8221; column_direction=&#8221;default&#8221; column_direction_tablet=&#8221;default&#8221; column_direction_phone=&#8221;default&#8221; scene_position=&#8221;center&#8221; top_padding=&#8221;5%&#8221; bottom_padding=&#8221;2%&#8221; left_padding_desktop=&#8221;12%&#8221; constrain_group_2=&#8221;yes&#8221; right_padding_desktop=&#8221;12%&#8221; left_padding_tablet=&#8221;0&#8243; constrain_group_4=&#8221;yes&#8221; right_padding_tablet=&#8221;0&#8243; left_padding_phone=&#8221;0&#8243; constrain_group_6=&#8221;yes&#8221; right_padding_phone=&#8221;0&#8243; text_color=&#8221;dark&#8221; text_align=&#8221;left&#8221; row_border_radius=&#8221;none&#8221; row_border_radius_applies=&#8221;bg&#8221; overflow=&#8221;visible&#8221; overlay_strength=&#8221;0.3&#8243; gradient_direction=&#8221;left_to_right&#8221; shape_divider_position=&#8221;bottom&#8221; bg_image_animation=&#8221;none&#8221; shape_type=&#8221;&#8221;][vc_column column_padding=&#8221;no-extra-padding&#8221; column_padding_tablet=&#8221;inherit&#8221; column_padding_phone=&#8221;inherit&#8221; column_padding_position=&#8221;all&#8221; column_element_spacing=&#8221;default&#8221; background_color_opacity=&#8221;1&#8243; background_hover_color_opacity=&#8221;1&#8243; column_shadow=&#8221;none&#8221; column_border_radius=&#8221;none&#8221; column_link_target=&#8221;_self&#8221; column_position=&#8221;default&#8221; gradient_direction=&#8221;left_to_right&#8221; overlay_strength=&#8221;0.3&#8243; width=&#8221;1\/1&#8243; tablet_width_inherit=&#8221;default&#8221; tablet_text_alignment=&#8221;default&#8221; phone_text_alignment=&#8221;default&#8221; animation_type=&#8221;default&#8221; bg_image_animation=&#8221;none&#8221; border_type=&#8221;simple&#8221; column_border_width=&#8221;none&#8221; column_border_style=&#8221;solid&#8221;][vc_row_inner column_margin=&#8221;default&#8221; column_direction=&#8221;default&#8221; column_direction_tablet=&#8221;default&#8221; column_direction_phone=&#8221;default&#8221; bottom_padding=&#8221;3%&#8221; text_align=&#8221;left&#8221; row_position=&#8221;default&#8221; row_position_tablet=&#8221;inherit&#8221; row_position_phone=&#8221;inherit&#8221; overflow=&#8221;visible&#8221; pointer_events=&#8221;all&#8221;][vc_column_inner column_padding=&#8221;no-extra-padding&#8221; column_padding_tablet=&#8221;inherit&#8221; column_padding_phone=&#8221;inherit&#8221; column_padding_position=&#8221;all&#8221; column_element_spacing=&#8221;default&#8221; background_color_opacity=&#8221;1&#8243; background_hover_color_opacity=&#8221;1&#8243; column_shadow=&#8221;none&#8221; column_border_radius=&#8221;none&#8221; column_link_target=&#8221;_self&#8221; gradient_direction=&#8221;left_to_right&#8221; overlay_strength=&#8221;0.3&#8243; width=&#8221;1\/1&#8243; tablet_width_inherit=&#8221;default&#8221; animation_type=&#8221;default&#8221; bg_image_animation=&#8221;none&#8221; border_type=&#8221;simple&#8221; column_border_width=&#8221;none&#8221; column_border_style=&#8221;solid&#8221;][vc_custom_heading text=&#8221;Feedback&#8221; font_container=&#8221;tag:h1|text_align:center&#8221; use_theme_fonts=&#8221;yes&#8221;][vc_custom_heading text=&#8221;Give us a feedback or ask a question&#8221; font_container=&#8221;tag:h4|text_align:center|color:%2313a89e&#8221; use_theme_fonts=&#8221;yes&#8221;][\/vc_column_inner][\/vc_row_inner][\/vc_column][\/vc_row][vc_row type=&#8221;full_width_content&#8221; full_screen_row_position=&#8221;middle&#8221; column_margin=&#8221;default&#8221; column_direction=&#8221;default&#8221; column_direction_tablet=&#8221;default&#8221; column_direction_phone=&#8221;default&#8221; bg_color=&#8221;#13a89e&#8221; bg_image=&#8221;6455&#8243; bg_position=&#8221;right center&#8221; background_image_loading=&#8221;default&#8221; bg_repeat=&#8221;no-repeat&#8221; scene_position=&#8221;center&#8221; layer_one_image=&#8221;6455&#8243; layer_one_strength=&#8221;1&#8243; top_padding=&#8221;4%&#8221; bottom_padding=&#8221;5%&#8221; left_padding_desktop=&#8221;20%&#8221; constrain_group_2=&#8221;yes&#8221; right_padding_desktop=&#8221;20%&#8221; left_padding_tablet=&#8221;5%&#8221; constrain_group_4=&#8221;yes&#8221; right_padding_tablet=&#8221;5%&#8221; left_padding_phone=&#8221;5%&#8221; constrain_group_6=&#8221;yes&#8221; right_padding_phone=&#8221;5%&#8221; text_color=&#8221;dark&#8221; text_align=&#8221;left&#8221; row_border_radius=&#8221;none&#8221; row_border_radius_applies=&#8221;bg&#8221; overflow=&#8221;visible&#8221; overlay_strength=&#8221;0.3&#8243; gradient_direction=&#8221;left_to_right&#8221; shape_divider_position=&#8221;bottom&#8221; bg_image_animation=&#8221;none&#8221; parallax_bg=&#8221;true&#8221; parallax_bg_speed=&#8221;fast&#8221; shape_type=&#8221;&#8221;][vc_column column_padding=&#8221;padding-4-percent&#8221; column_padding_tablet=&#8221;inherit&#8221; column_padding_phone=&#8221;inherit&#8221; column_padding_position=&#8221;all&#8221; column_element_spacing=&#8221;default&#8221; background_color=&#8221;#ffffff&#8221; background_color_opacity=&#8221;1&#8243; background_hover_color_opacity=&#8221;1&#8243; column_shadow=&#8221;none&#8221; column_border_radius=&#8221;none&#8221; column_link_target=&#8221;_self&#8221; column_position=&#8221;default&#8221; gradient_direction=&#8221;left_to_right&#8221; overlay_strength=&#8221;0.3&#8243; width=&#8221;1\/1&#8243; tablet_width_inherit=&#8221;default&#8221; tablet_text_alignment=&#8221;default&#8221; phone_text_alignment=&#8221;default&#8221; animation_type=&#8221;default&#8221; bg_image_animation=&#8221;none&#8221; border_type=&#8221;simple&#8221; column_border_width=&#8221;none&#8221; column_border_style=&#8221;solid&#8221;]<div class=\"wpforms-container wpforms-container-full\" id=\"wpforms-7189\"><form id=\"wpforms-form-7189\" class=\"wpforms-validate wpforms-form wpforms-ajax-form\" data-formid=\"7189\" method=\"post\" enctype=\"multipart\/form-data\" action=\"\/en\/wp-json\/wp\/v2\/pages\/8184\" data-token=\"898491b99777f9a9c8235260014b081f\" data-token-time=\"1777106274\"><noscript class=\"wpforms-error-noscript\">Please enable JavaScript in your browser to complete this form.<\/noscript><div class=\"wpforms-field-container\"><div id=\"wpforms-7189-field_0-container\" class=\"wpforms-field wpforms-field-name\" data-field-id=\"0\"><label class=\"wpforms-field-label\" for=\"wpforms-7189-field_0\">Nimi <span class=\"wpforms-required-label\">*<\/span><\/label><input type=\"text\" id=\"wpforms-7189-field_0\" class=\"wpforms-field-large wpforms-field-required\" name=\"wpforms[fields][0]\" required><\/div><div id=\"wpforms-7189-field_1-container\" class=\"wpforms-field wpforms-field-email\" data-field-id=\"1\"><label class=\"wpforms-field-label\" for=\"wpforms-7189-field_1\">S\u00e4hk\u00f6posti <span class=\"wpforms-required-label\">*<\/span><\/label><input type=\"email\" id=\"wpforms-7189-field_1\" class=\"wpforms-field-large wpforms-field-required\" name=\"wpforms[fields][1]\" spellcheck=\"false\" required><\/div><div id=\"wpforms-7189-field_2-container\" class=\"wpforms-field wpforms-field-textarea\" data-field-id=\"2\"><label class=\"wpforms-field-label\" for=\"wpforms-7189-field_2\">Palaute tai viesti <span class=\"wpforms-required-label\">*<\/span><\/label><textarea id=\"wpforms-7189-field_2\" class=\"wpforms-field-medium wpforms-field-required\" name=\"wpforms[fields][2]\" required><\/textarea><\/div><\/div><!-- .wpforms-field-container --><div class=\"wpforms-recaptcha-container wpforms-is-recaptcha wpforms-is-recaptcha-type-v2\" ><div class=\"g-recaptcha\" data-sitekey=\"6Le5Q7kqAAAAAM8I1KiYTaIzMSC5W1wJt_vASt4t\"><\/div><input type=\"text\" name=\"g-recaptcha-hidden\" class=\"wpforms-recaptcha-hidden\" style=\"position:absolute!important;clip:rect(0,0,0,0)!important;height:1px!important;width:1px!important;border:0!important;overflow:hidden!important;padding:0!important;margin:0!important;\" data-rule-recaptcha=\"1\"><\/div><div class=\"wpforms-submit-container\" ><input type=\"hidden\" name=\"wpforms[id]\" value=\"7189\"><input type=\"hidden\" name=\"page_title\" value=\"\"><input type=\"hidden\" name=\"page_url\" value=\"https:\/\/lonnstromintaidemuseo.fi\/en\/wp-json\/wp\/v2\/pages\/8184\"><input type=\"hidden\" name=\"url_referer\" value=\"\"><button type=\"submit\" name=\"wpforms[submit]\" id=\"wpforms-submit-7189\" class=\"wpforms-submit sendnappi\" data-alt-text=\"L\u00e4hett\u00e4\u00e4...\" data-submit-text=\"L\u00e4het\u00e4\" aria-live=\"assertive\" value=\"wpforms-submit\">L\u00e4het\u00e4<\/button><img loading=\"lazy\" decoding=\"async\" src=\"https:\/\/lonnstromintaidemuseo.fi\/wp-content\/plugins\/wpforms\/assets\/images\/submit-spin.svg\" class=\"wpforms-submit-spinner\" style=\"display: none;\" width=\"26\" height=\"26\" alt=\"Loading\"><\/div><\/form><\/div>  <!-- .wpforms-container -->[\/vc_column][\/vc_row]\n","protected":false},"excerpt":{"rendered":"<p>[vc_row type=&#8221;in_container&#8221; full_screen_row_position=&#8221;middle&#8221; column_margin=&#8221;default&#8221; column_direction=&#8221;default&#8221; column_direction_tablet=&#8221;default&#8221; column_direction_phone=&#8221;default&#8221; scene_position=&#8221;center&#8221; top_padding=&#8221;5%&#8221; bottom_padding=&#8221;2%&#8221; left_padding_desktop=&#8221;12%&#8221; constrain_group_2=&#8221;yes&#8221; right_padding_desktop=&#8221;12%&#8221; left_padding_tablet=&#8221;0&#8243; constrain_group_4=&#8221;yes&#8221; right_padding_tablet=&#8221;0&#8243; left_padding_phone=&#8221;0&#8243; constrain_group_6=&#8221;yes&#8221; right_padding_phone=&#8221;0&#8243; text_color=&#8221;dark&#8221; text_align=&#8221;left&#8221; row_border_radius=&#8221;none&#8221; row_border_radius_applies=&#8221;bg&#8221; overflow=&#8221;visible&#8221; overlay_strength=&#8221;0.3&#8243; gradient_direction=&#8221;left_to_right&#8221; shape_divider_position=&#8221;bottom&#8221; bg_image_animation=&#8221;none&#8221; shape_type=&#8221;&#8221;][vc_column column_padding=&#8221;no-extra-padding&#8221;&#8230;<\/p>\n","protected":false},"author":1,"featured_media":0,"parent":0,"menu_order":0,"comment_status":"closed","ping_status":"closed","template":"","meta":{"footnotes":""},"class_list":["post-8184","page","type-page","status-publish"],"yoast_head":"<!-- This site is optimized with the Yoast SEO plugin v27.3 - https:\/\/yoast.com\/product\/yoast-seo-wordpress\/ -->\n<title>Feedback | L&ouml;nnstr&ouml;min taidemuseo<\/title>\n<meta name=\"robots\" content=\"index, follow, max-snippet:-1, max-image-preview:large, max-video-preview:-1\" \/>\n<link rel=\"canonical\" href=\"https:\/\/lonnstromintaidemuseo.fi\/en\/feedback\" \/>\n<meta property=\"og:locale\" content=\"en_US\" \/>\n<meta property=\"og:type\" content=\"article\" \/>\n<meta property=\"og:title\" content=\"Feedback | L&ouml;nnstr&ouml;min taidemuseo\" \/>\n<meta property=\"og:description\" content=\"[vc_row type=&#8221;in_container&#8221; full_screen_row_position=&#8221;middle&#8221; column_margin=&#8221;default&#8221; column_direction=&#8221;default&#8221; column_direction_tablet=&#8221;default&#8221; column_direction_phone=&#8221;default&#8221; scene_position=&#8221;center&#8221; top_padding=&#8221;5%&#8221; bottom_padding=&#8221;2%&#8221; left_padding_desktop=&#8221;12%&#8221; constrain_group_2=&#8221;yes&#8221; right_padding_desktop=&#8221;12%&#8221; left_padding_tablet=&#8221;0&#8243; constrain_group_4=&#8221;yes&#8221; right_padding_tablet=&#8221;0&#8243; left_padding_phone=&#8221;0&#8243; constrain_group_6=&#8221;yes&#8221; right_padding_phone=&#8221;0&#8243; text_color=&#8221;dark&#8221; text_align=&#8221;left&#8221; row_border_radius=&#8221;none&#8221; row_border_radius_applies=&#8221;bg&#8221; overflow=&#8221;visible&#8221; overlay_strength=&#8221;0.3&#8243; gradient_direction=&#8221;left_to_right&#8221; shape_divider_position=&#8221;bottom&#8221; bg_image_animation=&#8221;none&#8221; shape_type=&#8221;&#8221;][vc_column column_padding=&#8221;no-extra-padding&#8221;...\" \/>\n<meta property=\"og:url\" content=\"https:\/\/lonnstromintaidemuseo.fi\/en\/feedback\" \/>\n<meta property=\"og:site_name\" content=\"L&ouml;nnstr&ouml;min taidemuseo\" \/>\n<meta property=\"article:publisher\" content=\"https:\/\/www.facebook.com\/lonnstromintaidemuseo\" \/>\n<meta property=\"article:modified_time\" content=\"2021-12-13T12:26:56+00:00\" \/>\n<meta property=\"og:image\" content=\"https:\/\/lonnstromintaidemuseo.fi\/wp-content\/uploads\/2021\/12\/lonnstrom-somekuva_1200x630px.jpg\" \/>\n\t<meta property=\"og:image:width\" content=\"1200\" \/>\n\t<meta property=\"og:image:height\" content=\"630\" \/>\n\t<meta property=\"og:image:type\" content=\"image\/jpeg\" \/>\n<meta name=\"twitter:card\" content=\"summary_large_image\" \/>\n<meta name=\"twitter:site\" content=\"@LonnstromMuseum\" \/>\n<meta name=\"twitter:label1\" content=\"Est. reading time\" \/>\n\t<meta name=\"twitter:data1\" content=\"3 minutes\" \/>\n<script type=\"application\/ld+json\" class=\"yoast-schema-graph\">{\"@context\":\"https:\\\/\\\/schema.org\",\"@graph\":[{\"@type\":\"WebPage\",\"@id\":\"https:\\\/\\\/lonnstromintaidemuseo.fi\\\/en\\\/feedback\",\"url\":\"https:\\\/\\\/lonnstromintaidemuseo.fi\\\/en\\\/feedback\",\"name\":\"Feedback | L&ouml;nnstr&ouml;min taidemuseo\",\"isPartOf\":{\"@id\":\"https:\\\/\\\/lonnstromintaidemuseo.fi\\\/sv\\\/#website\"},\"datePublished\":\"2021-11-15T13:02:53+00:00\",\"dateModified\":\"2021-12-13T12:26:56+00:00\",\"breadcrumb\":{\"@id\":\"https:\\\/\\\/lonnstromintaidemuseo.fi\\\/en\\\/feedback#breadcrumb\"},\"inLanguage\":\"en-US\",\"potentialAction\":[{\"@type\":\"ReadAction\",\"target\":[\"https:\\\/\\\/lonnstromintaidemuseo.fi\\\/en\\\/feedback\"]}]},{\"@type\":\"BreadcrumbList\",\"@id\":\"https:\\\/\\\/lonnstromintaidemuseo.fi\\\/en\\\/feedback#breadcrumb\",\"itemListElement\":[{\"@type\":\"ListItem\",\"position\":1,\"name\":\"Etusivu\",\"item\":\"https:\\\/\\\/lonnstromintaidemuseo.fi\\\/en\"},{\"@type\":\"ListItem\",\"position\":2,\"name\":\"Feedback\"}]},{\"@type\":\"WebSite\",\"@id\":\"https:\\\/\\\/lonnstromintaidemuseo.fi\\\/sv\\\/#website\",\"url\":\"https:\\\/\\\/lonnstromintaidemuseo.fi\\\/sv\\\/\",\"name\":\"L&ouml;nnstr&ouml;min taidemuseo\",\"description\":\"L&ouml;nnstr&ouml;min taidemuseo, Teresia ja Rafael L&ouml;nnstr&ouml;min kotimuseo, L&ouml;nnstr&ouml;min taidemuseo sr\",\"publisher\":{\"@id\":\"https:\\\/\\\/lonnstromintaidemuseo.fi\\\/sv\\\/#organization\"},\"potentialAction\":[{\"@type\":\"SearchAction\",\"target\":{\"@type\":\"EntryPoint\",\"urlTemplate\":\"https:\\\/\\\/lonnstromintaidemuseo.fi\\\/sv\\\/?s={search_term_string}\"},\"query-input\":{\"@type\":\"PropertyValueSpecification\",\"valueRequired\":true,\"valueName\":\"search_term_string\"}}],\"inLanguage\":\"en-US\"},{\"@type\":\"Organization\",\"@id\":\"https:\\\/\\\/lonnstromintaidemuseo.fi\\\/sv\\\/#organization\",\"name\":\"L\u00f6nnstr\u00f6min taidemuseo\",\"url\":\"https:\\\/\\\/lonnstromintaidemuseo.fi\\\/sv\\\/\",\"logo\":{\"@type\":\"ImageObject\",\"inLanguage\":\"en-US\",\"@id\":\"https:\\\/\\\/lonnstromintaidemuseo.fi\\\/sv\\\/#\\\/schema\\\/logo\\\/image\\\/\",\"url\":\"https:\\\/\\\/lonnstromintaidemuseo.fi\\\/wp-content\\\/uploads\\\/2021\\\/09\\\/lo\u0308nnstro\u0308min_taidemuseo_logo_1000.png\",\"contentUrl\":\"https:\\\/\\\/lonnstromintaidemuseo.fi\\\/wp-content\\\/uploads\\\/2021\\\/09\\\/lo\u0308nnstro\u0308min_taidemuseo_logo_1000.png\",\"width\":1000,\"height\":244,\"caption\":\"L\u00f6nnstr\u00f6min taidemuseo\"},\"image\":{\"@id\":\"https:\\\/\\\/lonnstromintaidemuseo.fi\\\/sv\\\/#\\\/schema\\\/logo\\\/image\\\/\"},\"sameAs\":[\"https:\\\/\\\/www.facebook.com\\\/lonnstromintaidemuseo\",\"https:\\\/\\\/x.com\\\/LonnstromMuseum\",\"https:\\\/\\\/www.instagram.com\\\/lonnstrom_museums\\\/\",\"https:\\\/\\\/www.youtube.com\\\/channel\\\/UCgvq_7384UyfkUqMV8B0UWQ\\\/featured\"]}]}<\/script>\n<!-- \/ Yoast SEO plugin. -->","yoast_head_json":{"title":"Feedback | L&ouml;nnstr&ouml;min taidemuseo","robots":{"index":"index","follow":"follow","max-snippet":"max-snippet:-1","max-image-preview":"max-image-preview:large","max-video-preview":"max-video-preview:-1"},"canonical":"https:\/\/lonnstromintaidemuseo.fi\/en\/feedback","og_locale":"en_US","og_type":"article","og_title":"Feedback | L&ouml;nnstr&ouml;min taidemuseo","og_description":"[vc_row type=&#8221;in_container&#8221; full_screen_row_position=&#8221;middle&#8221; column_margin=&#8221;default&#8221; column_direction=&#8221;default&#8221; column_direction_tablet=&#8221;default&#8221; column_direction_phone=&#8221;default&#8221; scene_position=&#8221;center&#8221; top_padding=&#8221;5%&#8221; bottom_padding=&#8221;2%&#8221; left_padding_desktop=&#8221;12%&#8221; constrain_group_2=&#8221;yes&#8221; right_padding_desktop=&#8221;12%&#8221; left_padding_tablet=&#8221;0&#8243; constrain_group_4=&#8221;yes&#8221; right_padding_tablet=&#8221;0&#8243; left_padding_phone=&#8221;0&#8243; constrain_group_6=&#8221;yes&#8221; right_padding_phone=&#8221;0&#8243; text_color=&#8221;dark&#8221; text_align=&#8221;left&#8221; row_border_radius=&#8221;none&#8221; row_border_radius_applies=&#8221;bg&#8221; overflow=&#8221;visible&#8221; overlay_strength=&#8221;0.3&#8243; gradient_direction=&#8221;left_to_right&#8221; shape_divider_position=&#8221;bottom&#8221; bg_image_animation=&#8221;none&#8221; shape_type=&#8221;&#8221;][vc_column column_padding=&#8221;no-extra-padding&#8221;...","og_url":"https:\/\/lonnstromintaidemuseo.fi\/en\/feedback","og_site_name":"L&ouml;nnstr&ouml;min taidemuseo","article_publisher":"https:\/\/www.facebook.com\/lonnstromintaidemuseo","article_modified_time":"2021-12-13T12:26:56+00:00","og_image":[{"width":1200,"height":630,"url":"https:\/\/lonnstromintaidemuseo.fi\/wp-content\/uploads\/2021\/12\/lonnstrom-somekuva_1200x630px.jpg","type":"image\/jpeg"}],"twitter_card":"summary_large_image","twitter_site":"@LonnstromMuseum","twitter_misc":{"Est. reading time":"3 minutes"},"schema":{"@context":"https:\/\/schema.org","@graph":[{"@type":"WebPage","@id":"https:\/\/lonnstromintaidemuseo.fi\/en\/feedback","url":"https:\/\/lonnstromintaidemuseo.fi\/en\/feedback","name":"Feedback | L&ouml;nnstr&ouml;min taidemuseo","isPartOf":{"@id":"https:\/\/lonnstromintaidemuseo.fi\/sv\/#website"},"datePublished":"2021-11-15T13:02:53+00:00","dateModified":"2021-12-13T12:26:56+00:00","breadcrumb":{"@id":"https:\/\/lonnstromintaidemuseo.fi\/en\/feedback#breadcrumb"},"inLanguage":"en-US","potentialAction":[{"@type":"ReadAction","target":["https:\/\/lonnstromintaidemuseo.fi\/en\/feedback"]}]},{"@type":"BreadcrumbList","@id":"https:\/\/lonnstromintaidemuseo.fi\/en\/feedback#breadcrumb","itemListElement":[{"@type":"ListItem","position":1,"name":"Etusivu","item":"https:\/\/lonnstromintaidemuseo.fi\/en"},{"@type":"ListItem","position":2,"name":"Feedback"}]},{"@type":"WebSite","@id":"https:\/\/lonnstromintaidemuseo.fi\/sv\/#website","url":"https:\/\/lonnstromintaidemuseo.fi\/sv\/","name":"L&ouml;nnstr&ouml;min taidemuseo","description":"L&ouml;nnstr&ouml;min taidemuseo, Teresia ja Rafael L&ouml;nnstr&ouml;min kotimuseo, L&ouml;nnstr&ouml;min taidemuseo sr","publisher":{"@id":"https:\/\/lonnstromintaidemuseo.fi\/sv\/#organization"},"potentialAction":[{"@type":"SearchAction","target":{"@type":"EntryPoint","urlTemplate":"https:\/\/lonnstromintaidemuseo.fi\/sv\/?s={search_term_string}"},"query-input":{"@type":"PropertyValueSpecification","valueRequired":true,"valueName":"search_term_string"}}],"inLanguage":"en-US"},{"@type":"Organization","@id":"https:\/\/lonnstromintaidemuseo.fi\/sv\/#organization","name":"L\u00f6nnstr\u00f6min taidemuseo","url":"https:\/\/lonnstromintaidemuseo.fi\/sv\/","logo":{"@type":"ImageObject","inLanguage":"en-US","@id":"https:\/\/lonnstromintaidemuseo.fi\/sv\/#\/schema\/logo\/image\/","url":"https:\/\/lonnstromintaidemuseo.fi\/wp-content\/uploads\/2021\/09\/lo\u0308nnstro\u0308min_taidemuseo_logo_1000.png","contentUrl":"https:\/\/lonnstromintaidemuseo.fi\/wp-content\/uploads\/2021\/09\/lo\u0308nnstro\u0308min_taidemuseo_logo_1000.png","width":1000,"height":244,"caption":"L\u00f6nnstr\u00f6min taidemuseo"},"image":{"@id":"https:\/\/lonnstromintaidemuseo.fi\/sv\/#\/schema\/logo\/image\/"},"sameAs":["https:\/\/www.facebook.com\/lonnstromintaidemuseo","https:\/\/x.com\/LonnstromMuseum","https:\/\/www.instagram.com\/lonnstrom_museums\/","https:\/\/www.youtube.com\/channel\/UCgvq_7384UyfkUqMV8B0UWQ\/featured"]}]}},"_links":{"self":[{"href":"https:\/\/lonnstromintaidemuseo.fi\/en\/wp-json\/wp\/v2\/pages\/8184","targetHints":{"allow":["GET"]}}],"collection":[{"href":"https:\/\/lonnstromintaidemuseo.fi\/en\/wp-json\/wp\/v2\/pages"}],"about":[{"href":"https:\/\/lonnstromintaidemuseo.fi\/en\/wp-json\/wp\/v2\/types\/page"}],"author":[{"embeddable":true,"href":"https:\/\/lonnstromintaidemuseo.fi\/en\/wp-json\/wp\/v2\/users\/1"}],"replies":[{"embeddable":true,"href":"https:\/\/lonnstromintaidemuseo.fi\/en\/wp-json\/wp\/v2\/comments?post=8184"}],"version-history":[{"count":2,"href":"https:\/\/lonnstromintaidemuseo.fi\/en\/wp-json\/wp\/v2\/pages\/8184\/revisions"}],"predecessor-version":[{"id":8381,"href":"https:\/\/lonnstromintaidemuseo.fi\/en\/wp-json\/wp\/v2\/pages\/8184\/revisions\/8381"}],"wp:attachment":[{"href":"https:\/\/lonnstromintaidemuseo.fi\/en\/wp-json\/wp\/v2\/media?parent=8184"}],"curies":[{"name":"wp","href":"https:\/\/api.w.org\/{rel}","templated":true}]}}