{"id":7929,"date":"2021-11-09T10:41:00","date_gmt":"2021-11-09T08:41:00","guid":{"rendered":"https:\/\/lonnstromintaidemuseo.fi\/edustuskoti-meren-aarella"},"modified":"2021-12-17T16:14:43","modified_gmt":"2021-12-17T14:14:43","slug":"a-stately-home-by-the-sea","status":"publish","type":"page","link":"https:\/\/lonnstromintaidemuseo.fi\/en\/a-stately-home-by-the-sea","title":{"rendered":"A Stately Home By the Sea"},"content":{"rendered":"[vc_row type=&#8221;full_width_background&#8221; full_screen_row_position=&#8221;middle&#8221; column_margin=&#8221;default&#8221; column_direction=&#8221;default&#8221; column_direction_tablet=&#8221;default&#8221; column_direction_phone=&#8221;default&#8221; bg_image=&#8221;7460&#8243; bg_position=&#8221;center center&#8221; background_image_loading=&#8221;default&#8221; bg_repeat=&#8221;no-repeat&#8221; scene_position=&#8221;center&#8221; top_padding=&#8221;25%&#8221; top_padding_tablet=&#8221;40%&#8221; top_padding_phone=&#8221;50%&#8221; text_color=&#8221;dark&#8221; text_align=&#8221;left&#8221; row_border_radius=&#8221;none&#8221; row_border_radius_applies=&#8221;bg&#8221; overflow=&#8221;visible&#8221; advanced_gradient_angle=&#8221;0&#8243; overlay_strength=&#8221;0.3&#8243; gradient_direction=&#8221;left_to_right&#8221; shape_divider_position=&#8221;bottom&#8221; bg_image_animation=&#8221;none&#8221; shape_type=&#8221;&#8221; gradient_type=&#8221;default&#8221;][vc_column column_padding=&#8221;no-extra-padding&#8221; column_padding_tablet=&#8221;inherit&#8221; column_padding_phone=&#8221;inherit&#8221; column_padding_position=&#8221;all&#8221; column_element_spacing=&#8221;default&#8221; background_color_opacity=&#8221;1&#8243; background_hover_color_opacity=&#8221;1&#8243; column_shadow=&#8221;none&#8221; column_border_radius=&#8221;none&#8221; column_link_target=&#8221;_self&#8221; column_position=&#8221;default&#8221; gradient_direction=&#8221;left_to_right&#8221; overlay_strength=&#8221;0.3&#8243; width=&#8221;1\/1&#8243; tablet_width_inherit=&#8221;default&#8221; tablet_text_alignment=&#8221;default&#8221; phone_text_alignment=&#8221;default&#8221; animation_type=&#8221;default&#8221; bg_image_animation=&#8221;none&#8221; border_type=&#8221;simple&#8221; column_border_width=&#8221;none&#8221; column_border_style=&#8221;solid&#8221;][\/vc_column][\/vc_row][vc_row type=&#8221;in_container&#8221; full_screen_row_position=&#8221;middle&#8221; column_margin=&#8221;default&#8221; column_direction=&#8221;default&#8221; column_direction_tablet=&#8221;default&#8221; column_direction_phone=&#8221;default&#8221; scene_position=&#8221;center&#8221; top_padding=&#8221;5%&#8221; bottom_padding=&#8221;2%&#8221; left_padding_desktop=&#8221;12%&#8221; constrain_group_2=&#8221;yes&#8221; right_padding_desktop=&#8221;12%&#8221; top_padding_tablet=&#8221;8%&#8221; left_padding_tablet=&#8221;0&#8243; constrain_group_4=&#8221;yes&#8221; right_padding_tablet=&#8221;0&#8243; left_padding_phone=&#8221;0&#8243; constrain_group_6=&#8221;yes&#8221; right_padding_phone=&#8221;0&#8243; text_color=&#8221;dark&#8221; text_align=&#8221;left&#8221; row_border_radius=&#8221;none&#8221; row_border_radius_applies=&#8221;bg&#8221; overflow=&#8221;visible&#8221; advanced_gradient_angle=&#8221;0&#8243; overlay_strength=&#8221;0.3&#8243; gradient_direction=&#8221;left_to_right&#8221; shape_divider_position=&#8221;bottom&#8221; bg_image_animation=&#8221;none&#8221; shape_type=&#8221;&#8221; gradient_type=&#8221;default&#8221;][vc_column column_padding=&#8221;no-extra-padding&#8221; column_padding_tablet=&#8221;inherit&#8221; column_padding_phone=&#8221;inherit&#8221; column_padding_position=&#8221;all&#8221; column_element_spacing=&#8221;default&#8221; background_color_opacity=&#8221;1&#8243; background_hover_color_opacity=&#8221;1&#8243; column_shadow=&#8221;none&#8221; column_border_radius=&#8221;none&#8221; column_link_target=&#8221;_self&#8221; column_position=&#8221;default&#8221; gradient_direction=&#8221;left_to_right&#8221; overlay_strength=&#8221;0.3&#8243; width=&#8221;1\/1&#8243; tablet_width_inherit=&#8221;default&#8221; tablet_text_alignment=&#8221;default&#8221; phone_text_alignment=&#8221;default&#8221; animation_type=&#8221;default&#8221; bg_image_animation=&#8221;none&#8221; border_type=&#8221;simple&#8221; column_border_width=&#8221;none&#8221; column_border_style=&#8221;solid&#8221;][vc_row_inner column_margin=&#8221;default&#8221; column_direction=&#8221;default&#8221; column_direction_tablet=&#8221;default&#8221; column_direction_phone=&#8221;default&#8221; bottom_padding_phone=&#8221;0&#8243; text_align=&#8221;left&#8221; row_position=&#8221;default&#8221; row_position_tablet=&#8221;inherit&#8221; row_position_phone=&#8221;inherit&#8221; overflow=&#8221;visible&#8221; pointer_events=&#8221;all&#8221;][vc_column_inner column_padding=&#8221;no-extra-padding&#8221; column_padding_tablet=&#8221;inherit&#8221; column_padding_phone=&#8221;inherit&#8221; column_padding_position=&#8221;all&#8221; column_element_spacing=&#8221;default&#8221; background_color_opacity=&#8221;1&#8243; background_hover_color_opacity=&#8221;1&#8243; column_shadow=&#8221;none&#8221; column_border_radius=&#8221;none&#8221; column_link_target=&#8221;_self&#8221; gradient_direction=&#8221;left_to_right&#8221; overlay_strength=&#8221;0.3&#8243; width=&#8221;1\/1&#8243; tablet_width_inherit=&#8221;default&#8221; animation_type=&#8221;default&#8221; bg_image_animation=&#8221;none&#8221; border_type=&#8221;simple&#8221; column_border_width=&#8221;none&#8221; column_border_style=&#8221;solid&#8221;][vc_custom_heading text=&#8221;A Stately Home By the Sea&#8221; font_container=&#8221;tag:h1|text_align:center&#8221; use_theme_fonts=&#8221;yes&#8221;][\/vc_column_inner][\/vc_row_inner][\/vc_column][\/vc_row][vc_row type=&#8221;in_container&#8221; full_screen_row_position=&#8221;middle&#8221; column_margin=&#8221;60px&#8221; column_direction=&#8221;default&#8221; column_direction_tablet=&#8221;default&#8221; column_direction_phone=&#8221;default&#8221; scene_position=&#8221;center&#8221; bottom_padding=&#8221;7%&#8221; text_color=&#8221;dark&#8221; text_align=&#8221;left&#8221; row_border_radius=&#8221;none&#8221; row_border_radius_applies=&#8221;bg&#8221; overflow=&#8221;visible&#8221; advanced_gradient_angle=&#8221;0&#8243; overlay_strength=&#8221;0.3&#8243; gradient_direction=&#8221;left_to_right&#8221; shape_divider_position=&#8221;bottom&#8221; bg_image_animation=&#8221;none&#8221; shape_type=&#8221;&#8221; gradient_type=&#8221;default&#8221;][vc_column column_padding=&#8221;no-extra-padding&#8221; column_padding_tablet=&#8221;inherit&#8221; column_padding_phone=&#8221;inherit&#8221; column_padding_position=&#8221;all&#8221; column_element_spacing=&#8221;default&#8221; background_color_opacity=&#8221;1&#8243; background_hover_color_opacity=&#8221;1&#8243; column_shadow=&#8221;none&#8221; column_border_radius=&#8221;none&#8221; column_link_target=&#8221;_self&#8221; column_position=&#8221;default&#8221; gradient_direction=&#8221;left_to_right&#8221; overlay_strength=&#8221;0.3&#8243; width=&#8221;1\/2&#8243; tablet_width_inherit=&#8221;default&#8221; tablet_text_alignment=&#8221;default&#8221; phone_text_alignment=&#8221;default&#8221; animation_type=&#8221;default&#8221; bg_image_animation=&#8221;none&#8221; border_type=&#8221;simple&#8221; column_border_width=&#8221;none&#8221; column_border_style=&#8221;solid&#8221;][vc_column_text]The L\u00f6nnstr\u00f6m Home Museum is located on a hillside that slopes gently to the sea. The first floor of the stone villa houses the L\u00f6nnstr\u00f6m family\u2019s living spaces, ballroom and Rafael L\u00f6nnstr\u00f6m\u2019s study. Upstairs you can admire Teresia\u2019s bedroom and from the guestroom window take in the view over Kappelinsalmi sound. In the L\u00f6nnstr\u00f6ms\u2019 day, the house was surrounded by a large garden, today it is a park.<\/p>\n<p>The lavish interior reflects Teresia L\u00f6nnstr\u00f6m\u2019s taste and interests, but she also kept many mementoes of her husband, Rafael, in their original locations, especially in his study, also known as the Captain\u2019s Room.<\/p>\n<p>Teresia was an art collector, and the walls of the house are adorned with paintings from the golden age of Finnish art up to the 1960s. Among the gems are <em>Antignano<\/em>, Elin Danielson-Gambogi\u2019s painting of an Italian village of the same name, as well as works by Ferdinand von Wright, Oscar Kleineh and Pekka Halonen.[\/vc_column_text][\/vc_column][vc_column column_padding=&#8221;no-extra-padding&#8221; column_padding_tablet=&#8221;inherit&#8221; column_padding_phone=&#8221;inherit&#8221; column_padding_position=&#8221;all&#8221; column_element_spacing=&#8221;default&#8221; background_color_opacity=&#8221;1&#8243; background_hover_color_opacity=&#8221;1&#8243; column_shadow=&#8221;none&#8221; column_border_radius=&#8221;none&#8221; column_link_target=&#8221;_self&#8221; column_position=&#8221;default&#8221; gradient_direction=&#8221;left_to_right&#8221; overlay_strength=&#8221;0.3&#8243; width=&#8221;1\/2&#8243; tablet_width_inherit=&#8221;default&#8221; tablet_text_alignment=&#8221;default&#8221; phone_text_alignment=&#8221;default&#8221; animation_type=&#8221;default&#8221; bg_image_animation=&#8221;none&#8221; border_type=&#8221;simple&#8221; column_border_width=&#8221;none&#8221; column_border_style=&#8221;solid&#8221;][vc_column_text]The interior includes many porcelain objects that the couple brought back as souvenirs from their travels to Central Europe, in particular Denmark, where Teresia\u2019s parents were from, and Rafael\u2019s trip to China. There is also a large selection of Finnish art glass from the 1950s to the 1980s and Italian glassware from Murano. Authentic oriental carpets complement the decor of the home and its period furniture.[\/vc_column_text][divider line_type=&#8221;No Line&#8221; custom_height=&#8221;20&#8243; custom_height_tablet=&#8221;15&#8243; custom_height_phone=&#8221;15&#8243;][vc_custom_heading text=&#8221;Retaining the atmosphere of a 20th century cultured home, the museum offers a privileged glimpse into the life\u2019s work of Teresia and Rafael L\u00f6nnstr\u00f6m. &#8221; font_container=&#8221;tag:h4|text_align:left|color:%23a61948&#8243; use_theme_fonts=&#8221;yes&#8221;][divider line_type=&#8221;No Line&#8221; custom_height=&#8221;20&#8243; custom_height_tablet=&#8221;15&#8243; custom_height_phone=&#8221;15&#8243;][vc_column_text]<span style=\"font-weight: 400;\">Many personal items, such as framed photographs and Teresia\u2019s dressing table with its accessories, create the sense of life as it was once lived in the house.<\/span>[\/vc_column_text][nectar_btn size=&#8221;large&#8221; button_style=&#8221;see-through&#8221; button_color_2=&#8221;extra-color-gradient-1&#8243; icon_family=&#8221;fontawesome&#8221; text=&#8221;Visit the Museum&#8221; icon_fontawesome=&#8221;fa fa-chevron-right&#8221; margin_top=&#8221;15&#8243; url=&#8221;\/vieraile&#8221;][\/vc_column][\/vc_row][vc_row type=&#8221;full_width_background&#8221; full_screen_row_position=&#8221;middle&#8221; column_margin=&#8221;default&#8221; column_direction=&#8221;default&#8221; column_direction_tablet=&#8221;default&#8221; column_direction_phone=&#8221;default&#8221; scene_position=&#8221;center&#8221; bottom_padding=&#8221;3%&#8221; text_color=&#8221;dark&#8221; text_align=&#8221;left&#8221; row_border_radius=&#8221;none&#8221; row_border_radius_applies=&#8221;bg&#8221; overflow=&#8221;visible&#8221; overlay_strength=&#8221;0.3&#8243; gradient_direction=&#8221;left_to_right&#8221; shape_divider_position=&#8221;bottom&#8221; bg_image_animation=&#8221;none&#8221; shape_type=&#8221;&#8221;][vc_column column_padding=&#8221;no-extra-padding&#8221; column_padding_tablet=&#8221;inherit&#8221; column_padding_phone=&#8221;inherit&#8221; column_padding_position=&#8221;all&#8221; top_margin=&#8221;-6%&#8221; column_element_spacing=&#8221;default&#8221; centered_text=&#8221;true&#8221; background_color_opacity=&#8221;1&#8243; background_hover_color_opacity=&#8221;1&#8243; column_shadow=&#8221;none&#8221; column_border_radius=&#8221;none&#8221; column_link_target=&#8221;_self&#8221; column_position=&#8221;default&#8221; gradient_direction=&#8221;left_to_right&#8221; overlay_strength=&#8221;0.3&#8243; width=&#8221;1\/1&#8243; tablet_width_inherit=&#8221;default&#8221; tablet_text_alignment=&#8221;default&#8221; phone_text_alignment=&#8221;default&#8221; animation_type=&#8221;default&#8221; bg_image_animation=&#8221;none&#8221; border_type=&#8221;simple&#8221; column_border_width=&#8221;none&#8221; column_border_style=&#8221;solid&#8221;][vc_gallery type=&#8221;image_grid&#8221; images=&#8221;6954,6881,6971,6970,6969,6972,7360,6967,6966,7358&#8243; image_grid_loading=&#8221;default&#8221; layout=&#8221;2&#8243; masonry_style=&#8221;true&#8221; bypass_image_cropping=&#8221;true&#8221; item_spacing=&#8221;15px&#8221; gallery_style=&#8221;2&#8243; load_in_animation=&#8221;none&#8221; img_size=&#8221;full&#8221; el_class=&#8221;kuvagalleria&#8221; css=&#8221;.vc_custom_1637318115172{background-color: #dd3333 !important;}&#8221;][\/vc_column][\/vc_row]\n","protected":false},"excerpt":{"rendered":"<p>[vc_row type=&#8221;full_width_background&#8221; full_screen_row_position=&#8221;middle&#8221; column_margin=&#8221;default&#8221; column_direction=&#8221;default&#8221; column_direction_tablet=&#8221;default&#8221; column_direction_phone=&#8221;default&#8221; bg_image=&#8221;7460&#8243; bg_position=&#8221;center center&#8221; background_image_loading=&#8221;default&#8221; bg_repeat=&#8221;no-repeat&#8221; scene_position=&#8221;center&#8221; top_padding=&#8221;25%&#8221; top_padding_tablet=&#8221;40%&#8221; top_padding_phone=&#8221;50%&#8221; text_color=&#8221;dark&#8221; text_align=&#8221;left&#8221; row_border_radius=&#8221;none&#8221; row_border_radius_applies=&#8221;bg&#8221; overflow=&#8221;visible&#8221; advanced_gradient_angle=&#8221;0&#8243; overlay_strength=&#8221;0.3&#8243; gradient_direction=&#8221;left_to_right&#8221; shape_divider_position=&#8221;bottom&#8221; bg_image_animation=&#8221;none&#8221; shape_type=&#8221;&#8221; gradient_type=&#8221;default&#8221;][vc_column column_padding=&#8221;no-extra-padding&#8221; column_padding_tablet=&#8221;inherit&#8221;&#8230;<\/p>\n","protected":false},"author":1,"featured_media":0,"parent":0,"menu_order":0,"comment_status":"closed","ping_status":"closed","template":"","meta":{"footnotes":""},"class_list":["post-7929","page","type-page","status-publish"],"yoast_head":"<!-- This site is optimized with the Yoast SEO plugin v27.3 - https:\/\/yoast.com\/product\/yoast-seo-wordpress\/ -->\n<title>A Stately Home By the Sea | L&ouml;nnstr&ouml;min taidemuseo<\/title>\n<meta name=\"robots\" content=\"index, follow, max-snippet:-1, max-image-preview:large, max-video-preview:-1\" \/>\n<link rel=\"canonical\" href=\"https:\/\/lonnstromintaidemuseo.fi\/en\/a-stately-home-by-the-sea\" \/>\n<meta property=\"og:locale\" content=\"en_US\" \/>\n<meta property=\"og:type\" content=\"article\" \/>\n<meta property=\"og:title\" content=\"A Stately Home By the Sea | L&ouml;nnstr&ouml;min taidemuseo\" \/>\n<meta property=\"og:description\" content=\"[vc_row type=&#8221;full_width_background&#8221; full_screen_row_position=&#8221;middle&#8221; column_margin=&#8221;default&#8221; column_direction=&#8221;default&#8221; column_direction_tablet=&#8221;default&#8221; column_direction_phone=&#8221;default&#8221; bg_image=&#8221;7460&#8243; bg_position=&#8221;center center&#8221; background_image_loading=&#8221;default&#8221; bg_repeat=&#8221;no-repeat&#8221; scene_position=&#8221;center&#8221; top_padding=&#8221;25%&#8221; top_padding_tablet=&#8221;40%&#8221; top_padding_phone=&#8221;50%&#8221; text_color=&#8221;dark&#8221; text_align=&#8221;left&#8221; row_border_radius=&#8221;none&#8221; row_border_radius_applies=&#8221;bg&#8221; overflow=&#8221;visible&#8221; advanced_gradient_angle=&#8221;0&#8243; overlay_strength=&#8221;0.3&#8243; gradient_direction=&#8221;left_to_right&#8221; shape_divider_position=&#8221;bottom&#8221; bg_image_animation=&#8221;none&#8221; shape_type=&#8221;&#8221; gradient_type=&#8221;default&#8221;][vc_column column_padding=&#8221;no-extra-padding&#8221; column_padding_tablet=&#8221;inherit&#8221;...\" \/>\n<meta property=\"og:url\" content=\"https:\/\/lonnstromintaidemuseo.fi\/en\/a-stately-home-by-the-sea\" \/>\n<meta property=\"og:site_name\" content=\"L&ouml;nnstr&ouml;min taidemuseo\" \/>\n<meta property=\"article:publisher\" content=\"https:\/\/www.facebook.com\/lonnstromintaidemuseo\" \/>\n<meta property=\"article:modified_time\" content=\"2021-12-17T14:14:43+00:00\" \/>\n<meta property=\"og:image\" content=\"https:\/\/lonnstromintaidemuseo.fi\/wp-content\/uploads\/2021\/12\/lonnstrom-somekuva_1200x630px.jpg\" \/>\n\t<meta property=\"og:image:width\" content=\"1200\" \/>\n\t<meta property=\"og:image:height\" content=\"630\" \/>\n\t<meta property=\"og:image:type\" content=\"image\/jpeg\" \/>\n<meta name=\"twitter:card\" content=\"summary_large_image\" \/>\n<meta name=\"twitter:site\" content=\"@LonnstromMuseum\" \/>\n<meta name=\"twitter:label1\" content=\"Est. reading time\" \/>\n\t<meta name=\"twitter:data1\" content=\"7 minutes\" \/>\n<script type=\"application\/ld+json\" class=\"yoast-schema-graph\">{\"@context\":\"https:\\\/\\\/schema.org\",\"@graph\":[{\"@type\":\"WebPage\",\"@id\":\"https:\\\/\\\/lonnstromintaidemuseo.fi\\\/en\\\/a-stately-home-by-the-sea\",\"url\":\"https:\\\/\\\/lonnstromintaidemuseo.fi\\\/en\\\/a-stately-home-by-the-sea\",\"name\":\"A Stately Home By the Sea | L&ouml;nnstr&ouml;min taidemuseo\",\"isPartOf\":{\"@id\":\"https:\\\/\\\/lonnstromintaidemuseo.fi\\\/sv\\\/#website\"},\"datePublished\":\"2021-11-09T08:41:00+00:00\",\"dateModified\":\"2021-12-17T14:14:43+00:00\",\"breadcrumb\":{\"@id\":\"https:\\\/\\\/lonnstromintaidemuseo.fi\\\/en\\\/a-stately-home-by-the-sea#breadcrumb\"},\"inLanguage\":\"en-US\",\"potentialAction\":[{\"@type\":\"ReadAction\",\"target\":[\"https:\\\/\\\/lonnstromintaidemuseo.fi\\\/en\\\/a-stately-home-by-the-sea\"]}]},{\"@type\":\"BreadcrumbList\",\"@id\":\"https:\\\/\\\/lonnstromintaidemuseo.fi\\\/en\\\/a-stately-home-by-the-sea#breadcrumb\",\"itemListElement\":[{\"@type\":\"ListItem\",\"position\":1,\"name\":\"Etusivu\",\"item\":\"https:\\\/\\\/lonnstromintaidemuseo.fi\\\/en\"},{\"@type\":\"ListItem\",\"position\":2,\"name\":\"A Stately Home By the Sea\"}]},{\"@type\":\"WebSite\",\"@id\":\"https:\\\/\\\/lonnstromintaidemuseo.fi\\\/sv\\\/#website\",\"url\":\"https:\\\/\\\/lonnstromintaidemuseo.fi\\\/sv\\\/\",\"name\":\"L&ouml;nnstr&ouml;min taidemuseo\",\"description\":\"L&ouml;nnstr&ouml;min taidemuseo, Teresia ja Rafael L&ouml;nnstr&ouml;min kotimuseo, L&ouml;nnstr&ouml;min taidemuseo sr\",\"publisher\":{\"@id\":\"https:\\\/\\\/lonnstromintaidemuseo.fi\\\/sv\\\/#organization\"},\"potentialAction\":[{\"@type\":\"SearchAction\",\"target\":{\"@type\":\"EntryPoint\",\"urlTemplate\":\"https:\\\/\\\/lonnstromintaidemuseo.fi\\\/sv\\\/?s={search_term_string}\"},\"query-input\":{\"@type\":\"PropertyValueSpecification\",\"valueRequired\":true,\"valueName\":\"search_term_string\"}}],\"inLanguage\":\"en-US\"},{\"@type\":\"Organization\",\"@id\":\"https:\\\/\\\/lonnstromintaidemuseo.fi\\\/sv\\\/#organization\",\"name\":\"L\u00f6nnstr\u00f6min taidemuseo\",\"url\":\"https:\\\/\\\/lonnstromintaidemuseo.fi\\\/sv\\\/\",\"logo\":{\"@type\":\"ImageObject\",\"inLanguage\":\"en-US\",\"@id\":\"https:\\\/\\\/lonnstromintaidemuseo.fi\\\/sv\\\/#\\\/schema\\\/logo\\\/image\\\/\",\"url\":\"https:\\\/\\\/lonnstromintaidemuseo.fi\\\/wp-content\\\/uploads\\\/2021\\\/09\\\/lo\u0308nnstro\u0308min_taidemuseo_logo_1000.png\",\"contentUrl\":\"https:\\\/\\\/lonnstromintaidemuseo.fi\\\/wp-content\\\/uploads\\\/2021\\\/09\\\/lo\u0308nnstro\u0308min_taidemuseo_logo_1000.png\",\"width\":1000,\"height\":244,\"caption\":\"L\u00f6nnstr\u00f6min taidemuseo\"},\"image\":{\"@id\":\"https:\\\/\\\/lonnstromintaidemuseo.fi\\\/sv\\\/#\\\/schema\\\/logo\\\/image\\\/\"},\"sameAs\":[\"https:\\\/\\\/www.facebook.com\\\/lonnstromintaidemuseo\",\"https:\\\/\\\/x.com\\\/LonnstromMuseum\",\"https:\\\/\\\/www.instagram.com\\\/lonnstrom_museums\\\/\",\"https:\\\/\\\/www.youtube.com\\\/channel\\\/UCgvq_7384UyfkUqMV8B0UWQ\\\/featured\"]}]}<\/script>\n<!-- \/ Yoast SEO plugin. -->","yoast_head_json":{"title":"A Stately Home By the Sea | L&ouml;nnstr&ouml;min taidemuseo","robots":{"index":"index","follow":"follow","max-snippet":"max-snippet:-1","max-image-preview":"max-image-preview:large","max-video-preview":"max-video-preview:-1"},"canonical":"https:\/\/lonnstromintaidemuseo.fi\/en\/a-stately-home-by-the-sea","og_locale":"en_US","og_type":"article","og_title":"A Stately Home By the Sea | L&ouml;nnstr&ouml;min taidemuseo","og_description":"[vc_row type=&#8221;full_width_background&#8221; full_screen_row_position=&#8221;middle&#8221; column_margin=&#8221;default&#8221; column_direction=&#8221;default&#8221; column_direction_tablet=&#8221;default&#8221; column_direction_phone=&#8221;default&#8221; bg_image=&#8221;7460&#8243; bg_position=&#8221;center center&#8221; background_image_loading=&#8221;default&#8221; bg_repeat=&#8221;no-repeat&#8221; scene_position=&#8221;center&#8221; top_padding=&#8221;25%&#8221; top_padding_tablet=&#8221;40%&#8221; top_padding_phone=&#8221;50%&#8221; text_color=&#8221;dark&#8221; text_align=&#8221;left&#8221; row_border_radius=&#8221;none&#8221; row_border_radius_applies=&#8221;bg&#8221; overflow=&#8221;visible&#8221; advanced_gradient_angle=&#8221;0&#8243; overlay_strength=&#8221;0.3&#8243; gradient_direction=&#8221;left_to_right&#8221; shape_divider_position=&#8221;bottom&#8221; bg_image_animation=&#8221;none&#8221; shape_type=&#8221;&#8221; gradient_type=&#8221;default&#8221;][vc_column column_padding=&#8221;no-extra-padding&#8221; column_padding_tablet=&#8221;inherit&#8221;...","og_url":"https:\/\/lonnstromintaidemuseo.fi\/en\/a-stately-home-by-the-sea","og_site_name":"L&ouml;nnstr&ouml;min taidemuseo","article_publisher":"https:\/\/www.facebook.com\/lonnstromintaidemuseo","article_modified_time":"2021-12-17T14:14:43+00:00","og_image":[{"width":1200,"height":630,"url":"https:\/\/lonnstromintaidemuseo.fi\/wp-content\/uploads\/2021\/12\/lonnstrom-somekuva_1200x630px.jpg","type":"image\/jpeg"}],"twitter_card":"summary_large_image","twitter_site":"@LonnstromMuseum","twitter_misc":{"Est. reading time":"7 minutes"},"schema":{"@context":"https:\/\/schema.org","@graph":[{"@type":"WebPage","@id":"https:\/\/lonnstromintaidemuseo.fi\/en\/a-stately-home-by-the-sea","url":"https:\/\/lonnstromintaidemuseo.fi\/en\/a-stately-home-by-the-sea","name":"A Stately Home By the Sea | L&ouml;nnstr&ouml;min taidemuseo","isPartOf":{"@id":"https:\/\/lonnstromintaidemuseo.fi\/sv\/#website"},"datePublished":"2021-11-09T08:41:00+00:00","dateModified":"2021-12-17T14:14:43+00:00","breadcrumb":{"@id":"https:\/\/lonnstromintaidemuseo.fi\/en\/a-stately-home-by-the-sea#breadcrumb"},"inLanguage":"en-US","potentialAction":[{"@type":"ReadAction","target":["https:\/\/lonnstromintaidemuseo.fi\/en\/a-stately-home-by-the-sea"]}]},{"@type":"BreadcrumbList","@id":"https:\/\/lonnstromintaidemuseo.fi\/en\/a-stately-home-by-the-sea#breadcrumb","itemListElement":[{"@type":"ListItem","position":1,"name":"Etusivu","item":"https:\/\/lonnstromintaidemuseo.fi\/en"},{"@type":"ListItem","position":2,"name":"A Stately Home By the Sea"}]},{"@type":"WebSite","@id":"https:\/\/lonnstromintaidemuseo.fi\/sv\/#website","url":"https:\/\/lonnstromintaidemuseo.fi\/sv\/","name":"L&ouml;nnstr&ouml;min taidemuseo","description":"L&ouml;nnstr&ouml;min taidemuseo, Teresia ja Rafael L&ouml;nnstr&ouml;min kotimuseo, L&ouml;nnstr&ouml;min taidemuseo sr","publisher":{"@id":"https:\/\/lonnstromintaidemuseo.fi\/sv\/#organization"},"potentialAction":[{"@type":"SearchAction","target":{"@type":"EntryPoint","urlTemplate":"https:\/\/lonnstromintaidemuseo.fi\/sv\/?s={search_term_string}"},"query-input":{"@type":"PropertyValueSpecification","valueRequired":true,"valueName":"search_term_string"}}],"inLanguage":"en-US"},{"@type":"Organization","@id":"https:\/\/lonnstromintaidemuseo.fi\/sv\/#organization","name":"L\u00f6nnstr\u00f6min taidemuseo","url":"https:\/\/lonnstromintaidemuseo.fi\/sv\/","logo":{"@type":"ImageObject","inLanguage":"en-US","@id":"https:\/\/lonnstromintaidemuseo.fi\/sv\/#\/schema\/logo\/image\/","url":"https:\/\/lonnstromintaidemuseo.fi\/wp-content\/uploads\/2021\/09\/lo\u0308nnstro\u0308min_taidemuseo_logo_1000.png","contentUrl":"https:\/\/lonnstromintaidemuseo.fi\/wp-content\/uploads\/2021\/09\/lo\u0308nnstro\u0308min_taidemuseo_logo_1000.png","width":1000,"height":244,"caption":"L\u00f6nnstr\u00f6min taidemuseo"},"image":{"@id":"https:\/\/lonnstromintaidemuseo.fi\/sv\/#\/schema\/logo\/image\/"},"sameAs":["https:\/\/www.facebook.com\/lonnstromintaidemuseo","https:\/\/x.com\/LonnstromMuseum","https:\/\/www.instagram.com\/lonnstrom_museums\/","https:\/\/www.youtube.com\/channel\/UCgvq_7384UyfkUqMV8B0UWQ\/featured"]}]}},"_links":{"self":[{"href":"https:\/\/lonnstromintaidemuseo.fi\/en\/wp-json\/wp\/v2\/pages\/7929","targetHints":{"allow":["GET"]}}],"collection":[{"href":"https:\/\/lonnstromintaidemuseo.fi\/en\/wp-json\/wp\/v2\/pages"}],"about":[{"href":"https:\/\/lonnstromintaidemuseo.fi\/en\/wp-json\/wp\/v2\/types\/page"}],"author":[{"embeddable":true,"href":"https:\/\/lonnstromintaidemuseo.fi\/en\/wp-json\/wp\/v2\/users\/1"}],"replies":[{"embeddable":true,"href":"https:\/\/lonnstromintaidemuseo.fi\/en\/wp-json\/wp\/v2\/comments?post=7929"}],"version-history":[{"count":3,"href":"https:\/\/lonnstromintaidemuseo.fi\/en\/wp-json\/wp\/v2\/pages\/7929\/revisions"}],"predecessor-version":[{"id":7983,"href":"https:\/\/lonnstromintaidemuseo.fi\/en\/wp-json\/wp\/v2\/pages\/7929\/revisions\/7983"}],"wp:attachment":[{"href":"https:\/\/lonnstromintaidemuseo.fi\/en\/wp-json\/wp\/v2\/media?parent=7929"}],"curies":[{"name":"wp","href":"https:\/\/api.w.org\/{rel}","templated":true}]}}